{"id":3001,"date":"2023-04-06T00:40:06","date_gmt":"2023-04-05T23:40:06","guid":{"rendered":"https:\/\/www.ciao-bella.cz\/kontakty\/"},"modified":"2024-10-07T22:15:20","modified_gmt":"2024-10-07T21:15:20","slug":"contacts","status":"publish","type":"page","link":"https:\/\/www.ciao-bella.cz\/en\/contacts\/","title":{"rendered":"Contacts"},"content":{"rendered":"\n\t<section class=\"section dark\" id=\"section_320943979\">\n\t\t<div class=\"section-bg fill\" >\n\t\t\t<img loading=\"lazy\" decoding=\"async\" width=\"1600\" height=\"1067\" src=\"https:\/\/www.ciao-bella.cz\/wp-content\/uploads\/2023\/04\/ciao-bella-kontakty.jpg\" class=\"bg attachment-original size-original\" alt=\"\" \/>\t\t\t\t\t\t<div class=\"section-bg-overlay absolute fill\"><\/div><button class=\"scroll-for-more z-5 icon absolute bottom h-center\" aria-label=\"Scroll for more\"><i class=\"icon-angle-down\" style=\"font-size:42px;\" ><\/i><\/button>\n\t\t\t\n\n\t\t<\/div>\n\n\t\t\n\n\t\t<div class=\"section-content relative\">\n\t\t\t\n<div class=\"row row-full-width align-center\"  id=\"row-294164304\">\n\n\t<div id=\"col-23668598\" class=\"col medium-7 small-12 large-6\"  >\n\t\t\t\t<div class=\"col-inner\"  >\n\t\t\t\n\t\t\t\n\t<div id=\"text-707537915\" class=\"text\">\n\t\t\n<h1>Contacts &#8211; Ciao Bella Osteria<\/h1>\n<p>We would love to connect with you and make it easy for you to reach our restaurant, Ciao Bella Osteria. If you have any questions, comments, or suggestions, please don\u2019t hesitate to contact us.<\/p>\n\t\t\n<style>\n#text-707537915 {\n  text-align: center;\n}\n<\/style>\n\t<\/div>\n\t\n\t\t<\/div>\n\t\t\t\t\t<\/div>\n\n\t\n<\/div>\n\t\t<\/div>\n\n\t\t\n<style>\n#section_320943979 {\n  padding-top: 0px;\n  padding-bottom: 0px;\n  min-height: 552px;\n  background-color: rgb(223, 39, 53);\n}\n#section_320943979 .section-bg-overlay {\n  background-color: rgba(0, 0, 0, 0.5);\n}\n#section_320943979 .section-bg img {\n  object-position: 46% 54%;\n}\n@media (min-width:550px) {\n  #section_320943979 {\n    min-height: 640px;\n  }\n}\n@media (min-width:850px) {\n  #section_320943979 {\n    min-height: 550px;\n  }\n}\n<\/style>\n\t<\/section>\n\t\n\n\t<section class=\"section\" id=\"section_1219584768\">\n\t\t<div class=\"section-bg fill\" >\n\t\t\t\t\t\t\t\t\t\n\t\t\t\n\n\t\t<\/div>\n\n\t\t\n\n\t\t<div class=\"section-content relative\">\n\t\t\t\n<div class=\"row\"  id=\"row-247312231\">\n\n\t<div id=\"col-997858691\" class=\"col medium-6 small-12 large-5\"  >\n\t\t\t\t<div class=\"col-inner\"  >\n\t\t\t\n\t\t\t\n<h2>How to Contact Us<\/h2>\n<p>You can contact us by phone or email to reserve a table. If you need special arrangements for a family celebration, corporate meeting, or another event, we are happy to collaborate with you to create an unforgettable experience. Our restaurant is located at n\u00e1m. Na Str\u00e1\u017ei 2 in Prague, and we are open six days a week: Tue \u2013 Sat 11:00 AM \u2013 10:00 PM; Sun 12:00 PM \u2013 10:00 PM. If you\u2019d like to visit us, we are easy to find, and you can take advantage of our parking in front of the restaurant.<\/p>\n\t\t<\/div>\n\t\t\t\t\t<\/div>\n\n\t\n\n\t<div id=\"col-504722765\" class=\"col hide-for-medium medium-1 small-12 large-1\"  >\n\t\t\t\t<div class=\"col-inner\"  >\n\t\t\t\n\t\t\t\n\t\t<\/div>\n\t\t\t\t\t<\/div>\n\n\t\n\n\t<div id=\"col-1921018043\" class=\"col medium-6 small-12 large-6 small-col-first\"  >\n\t\t\t\t<div class=\"col-inner\"  >\n\t\t\t\n\t\t\t\n\n\t\t<div class=\"icon-box featured-box icon-box-top text-left\"  >\n\t\t\t\t<div class=\"icon-box-text last-reset\">\n\t\t\t\t\t\t\t\t\t\n<h2>Contact Information<\/h2>\n<p><a href=\"tel:+420%20776%20172%20788\">+420 <span aria-label=\"Zavolat na \u010d\u00edslo 776 172 788\">776 172 788<\/span><\/a><\/p>\n<p><a href=\"mailto:info@ciao-bella.cz\">info@ciao-bella.cz<\/a><\/p>\n<h2 class=\"LC20lb MBeuO DKV0Md\">Opening Hours<\/h2>\n<p>Monday &#8211; Closed<br \/>\nTue &#8211; Sat 11:00 AM &#8211; 10:00 PM<br \/>\nSun 12:00 PM &#8211; 10:00 PM<\/p>\n\t\t<\/div>\n\t<\/div>\n\t\n\t\n\t\t<\/div>\n\t\t\t\t\t<\/div>\n\n\t\n<\/div>\n<div class=\"row\"  id=\"row-1672187246\">\n\n\t<div id=\"col-944437990\" class=\"col small-12 large-12\"  >\n\t\t\t\t<div class=\"col-inner\"  >\n\t\t\t\n\t\t\t\n\t<div id=\"text-296410715\" class=\"text\">\n\t\t\n<h2>How to Find Us<\/h2>\n\t\t\n<style>\n#text-296410715 {\n  text-align: center;\n}\n<\/style>\n\t<\/div>\n\t\n\t\t<\/div>\n\t\t\t\t\t<\/div>\n\n\t\n\n\t<div id=\"col-857256970\" class=\"col small-12 large-12\"  >\n\t\t\t\t<div class=\"col-inner\"  >\n\t\t\t\n\t\t\t\n\n<p><iframe loading=\"lazy\" style=\"border: 0;\" src=\"https:\/\/www.google.com\/maps\/embed?pb=!1m14!1m8!1m3!1d10233.508258427142!2d14.4690646!3d50.1166658!3m2!1i1024!2i768!4f13.1!3m3!1m2!1s0x470beba9fd9fe59b%3A0xb7a454bbe15db029!2sCiao%20Bella%20Osteria!5e0!3m2!1scs!2scz!4v1680743806722!5m2!1scs!2scz\" width=\"100%\" height=\"450\" allowfullscreen=\"allowfullscreen\"><\/iframe><br \/>\n\n\t\t<\/div>\n\t\t\t\t\t<\/div>\n\n\t\n<\/div>\n\t\t<\/div>\n\n\t\t\n<style>\n#section_1219584768 {\n  padding-top: 49px;\n  padding-bottom: 49px;\n}\n@media (min-width:550px) {\n  #section_1219584768 {\n    padding-top: 100px;\n    padding-bottom: 100px;\n  }\n}\n<\/style>\n\t<\/section>\n\t\n","protected":false},"excerpt":{"rendered":"","protected":false},"author":1,"featured_media":0,"parent":0,"menu_order":0,"comment_status":"closed","ping_status":"closed","template":"page-transparent-header.php","meta":{"inline_featured_image":false,"footnotes":""},"class_list":["post-3001","page","type-page","status-publish","hentry"],"yoast_head":"<!-- This site is optimized with the Yoast SEO plugin v27.5 - https:\/\/yoast.com\/product\/yoast-seo-wordpress\/ -->\n<title>Contacts - Ciao Bella Osteria<\/title>\n<meta name=\"robots\" content=\"index, follow, max-snippet:-1, max-image-preview:large, max-video-preview:-1\" \/>\n<link rel=\"canonical\" href=\"https:\/\/www.ciao-bella.cz\/en\/contacts\/\" \/>\n<meta property=\"og:locale\" content=\"en_US\" \/>\n<meta property=\"og:type\" content=\"article\" \/>\n<meta property=\"og:title\" content=\"Contacts - Ciao Bella Osteria\" \/>\n<meta property=\"og:url\" content=\"https:\/\/www.ciao-bella.cz\/en\/contacts\/\" \/>\n<meta property=\"og:site_name\" content=\"Ciao Bella Osteria\" \/>\n<meta property=\"article:publisher\" content=\"https:\/\/www.facebook.com\/roman.khapenkov\" \/>\n<meta property=\"article:modified_time\" content=\"2024-10-07T21:15:20+00:00\" \/>\n<meta name=\"twitter:card\" content=\"summary_large_image\" \/>\n<meta name=\"twitter:label1\" content=\"Est. reading time\" \/>\n\t<meta name=\"twitter:data1\" content=\"2 minutes\" \/>\n<script type=\"application\/ld+json\" class=\"yoast-schema-graph\">{\"@context\":\"https:\\\/\\\/schema.org\",\"@graph\":[{\"@type\":\"WebPage\",\"@id\":\"https:\\\/\\\/www.ciao-bella.cz\\\/en\\\/contacts\\\/\",\"url\":\"https:\\\/\\\/www.ciao-bella.cz\\\/en\\\/contacts\\\/\",\"name\":\"Contacts - Ciao Bella Osteria\",\"isPartOf\":{\"@id\":\"https:\\\/\\\/www.ciao-bella.cz\\\/en\\\/#website\"},\"datePublished\":\"2023-04-05T23:40:06+00:00\",\"dateModified\":\"2024-10-07T21:15:20+00:00\",\"breadcrumb\":{\"@id\":\"https:\\\/\\\/www.ciao-bella.cz\\\/en\\\/contacts\\\/#breadcrumb\"},\"inLanguage\":\"en-US\",\"potentialAction\":[{\"@type\":\"ReadAction\",\"target\":[\"https:\\\/\\\/www.ciao-bella.cz\\\/en\\\/contacts\\\/\"]}]},{\"@type\":\"BreadcrumbList\",\"@id\":\"https:\\\/\\\/www.ciao-bella.cz\\\/en\\\/contacts\\\/#breadcrumb\",\"itemListElement\":[{\"@type\":\"ListItem\",\"position\":1,\"name\":\"Main\",\"item\":\"https:\\\/\\\/www.ciao-bella.cz\\\/en\\\/\"},{\"@type\":\"ListItem\",\"position\":2,\"name\":\"Contacts\"}]},{\"@type\":\"WebSite\",\"@id\":\"https:\\\/\\\/www.ciao-bella.cz\\\/en\\\/#website\",\"url\":\"https:\\\/\\\/www.ciao-bella.cz\\\/en\\\/\",\"name\":\"Ciao Bella Osteria\",\"description\":\"\",\"publisher\":{\"@id\":\"https:\\\/\\\/www.ciao-bella.cz\\\/en\\\/#\\\/schema\\\/person\\\/027e14bb765b7cd2afc78a2d052f72bf\"},\"potentialAction\":[{\"@type\":\"SearchAction\",\"target\":{\"@type\":\"EntryPoint\",\"urlTemplate\":\"https:\\\/\\\/www.ciao-bella.cz\\\/en\\\/?s={search_term_string}\"},\"query-input\":{\"@type\":\"PropertyValueSpecification\",\"valueRequired\":true,\"valueName\":\"search_term_string\"}}],\"inLanguage\":\"en-US\"},{\"@type\":[\"Person\",\"Organization\"],\"@id\":\"https:\\\/\\\/www.ciao-bella.cz\\\/en\\\/#\\\/schema\\\/person\\\/027e14bb765b7cd2afc78a2d052f72bf\",\"name\":\"\u0420\u043e\u043c\u0430\u043d \u0425\u0430\u043f\u0435\u043d\u043a\u043e\u0432\",\"image\":{\"@type\":\"ImageObject\",\"inLanguage\":\"en-US\",\"@id\":\"https:\\\/\\\/secure.gravatar.com\\\/avatar\\\/823edb9c06b3f96cec4c2ea986d13cddeb3590fbabe3478411a3d7f28827591d?s=96&r=g\",\"url\":\"https:\\\/\\\/secure.gravatar.com\\\/avatar\\\/823edb9c06b3f96cec4c2ea986d13cddeb3590fbabe3478411a3d7f28827591d?s=96&r=g\",\"contentUrl\":\"https:\\\/\\\/secure.gravatar.com\\\/avatar\\\/823edb9c06b3f96cec4c2ea986d13cddeb3590fbabe3478411a3d7f28827591d?s=96&r=g\",\"caption\":\"\u0420\u043e\u043c\u0430\u043d \u0425\u0430\u043f\u0435\u043d\u043a\u043e\u0432\"},\"logo\":{\"@id\":\"https:\\\/\\\/secure.gravatar.com\\\/avatar\\\/823edb9c06b3f96cec4c2ea986d13cddeb3590fbabe3478411a3d7f28827591d?s=96&r=g\"},\"sameAs\":[\"https:\\\/\\\/www.ciao-bella.cz\\\/\",\"https:\\\/\\\/www.facebook.com\\\/roman.khapenkov\",\"https:\\\/\\\/www.instagram.com\\\/romanhapka\\\/\",\"https:\\\/\\\/www.linkedin.com\\\/in\\\/roman-khapenkov-b0405789\\\/\"]}]}<\/script>\n<!-- \/ Yoast SEO plugin. -->","yoast_head_json":{"title":"Contacts - Ciao Bella Osteria","robots":{"index":"index","follow":"follow","max-snippet":"max-snippet:-1","max-image-preview":"max-image-preview:large","max-video-preview":"max-video-preview:-1"},"canonical":"https:\/\/www.ciao-bella.cz\/en\/contacts\/","og_locale":"en_US","og_type":"article","og_title":"Contacts - Ciao Bella Osteria","og_url":"https:\/\/www.ciao-bella.cz\/en\/contacts\/","og_site_name":"Ciao Bella Osteria","article_publisher":"https:\/\/www.facebook.com\/roman.khapenkov","article_modified_time":"2024-10-07T21:15:20+00:00","twitter_card":"summary_large_image","twitter_misc":{"Est. reading time":"2 minutes"},"schema":{"@context":"https:\/\/schema.org","@graph":[{"@type":"WebPage","@id":"https:\/\/www.ciao-bella.cz\/en\/contacts\/","url":"https:\/\/www.ciao-bella.cz\/en\/contacts\/","name":"Contacts - Ciao Bella Osteria","isPartOf":{"@id":"https:\/\/www.ciao-bella.cz\/en\/#website"},"datePublished":"2023-04-05T23:40:06+00:00","dateModified":"2024-10-07T21:15:20+00:00","breadcrumb":{"@id":"https:\/\/www.ciao-bella.cz\/en\/contacts\/#breadcrumb"},"inLanguage":"en-US","potentialAction":[{"@type":"ReadAction","target":["https:\/\/www.ciao-bella.cz\/en\/contacts\/"]}]},{"@type":"BreadcrumbList","@id":"https:\/\/www.ciao-bella.cz\/en\/contacts\/#breadcrumb","itemListElement":[{"@type":"ListItem","position":1,"name":"Main","item":"https:\/\/www.ciao-bella.cz\/en\/"},{"@type":"ListItem","position":2,"name":"Contacts"}]},{"@type":"WebSite","@id":"https:\/\/www.ciao-bella.cz\/en\/#website","url":"https:\/\/www.ciao-bella.cz\/en\/","name":"Ciao Bella Osteria","description":"","publisher":{"@id":"https:\/\/www.ciao-bella.cz\/en\/#\/schema\/person\/027e14bb765b7cd2afc78a2d052f72bf"},"potentialAction":[{"@type":"SearchAction","target":{"@type":"EntryPoint","urlTemplate":"https:\/\/www.ciao-bella.cz\/en\/?s={search_term_string}"},"query-input":{"@type":"PropertyValueSpecification","valueRequired":true,"valueName":"search_term_string"}}],"inLanguage":"en-US"},{"@type":["Person","Organization"],"@id":"https:\/\/www.ciao-bella.cz\/en\/#\/schema\/person\/027e14bb765b7cd2afc78a2d052f72bf","name":"\u0420\u043e\u043c\u0430\u043d \u0425\u0430\u043f\u0435\u043d\u043a\u043e\u0432","image":{"@type":"ImageObject","inLanguage":"en-US","@id":"https:\/\/secure.gravatar.com\/avatar\/823edb9c06b3f96cec4c2ea986d13cddeb3590fbabe3478411a3d7f28827591d?s=96&r=g","url":"https:\/\/secure.gravatar.com\/avatar\/823edb9c06b3f96cec4c2ea986d13cddeb3590fbabe3478411a3d7f28827591d?s=96&r=g","contentUrl":"https:\/\/secure.gravatar.com\/avatar\/823edb9c06b3f96cec4c2ea986d13cddeb3590fbabe3478411a3d7f28827591d?s=96&r=g","caption":"\u0420\u043e\u043c\u0430\u043d \u0425\u0430\u043f\u0435\u043d\u043a\u043e\u0432"},"logo":{"@id":"https:\/\/secure.gravatar.com\/avatar\/823edb9c06b3f96cec4c2ea986d13cddeb3590fbabe3478411a3d7f28827591d?s=96&r=g"},"sameAs":["https:\/\/www.ciao-bella.cz\/","https:\/\/www.facebook.com\/roman.khapenkov","https:\/\/www.instagram.com\/romanhapka\/","https:\/\/www.linkedin.com\/in\/roman-khapenkov-b0405789\/"]}]}},"_links":{"self":[{"href":"https:\/\/www.ciao-bella.cz\/en\/wp-json\/wp\/v2\/pages\/3001","targetHints":{"allow":["GET"]}}],"collection":[{"href":"https:\/\/www.ciao-bella.cz\/en\/wp-json\/wp\/v2\/pages"}],"about":[{"href":"https:\/\/www.ciao-bella.cz\/en\/wp-json\/wp\/v2\/types\/page"}],"author":[{"embeddable":true,"href":"https:\/\/www.ciao-bella.cz\/en\/wp-json\/wp\/v2\/users\/1"}],"replies":[{"embeddable":true,"href":"https:\/\/www.ciao-bella.cz\/en\/wp-json\/wp\/v2\/comments?post=3001"}],"version-history":[{"count":7,"href":"https:\/\/www.ciao-bella.cz\/en\/wp-json\/wp\/v2\/pages\/3001\/revisions"}],"predecessor-version":[{"id":3012,"href":"https:\/\/www.ciao-bella.cz\/en\/wp-json\/wp\/v2\/pages\/3001\/revisions\/3012"}],"wp:attachment":[{"href":"https:\/\/www.ciao-bella.cz\/en\/wp-json\/wp\/v2\/media?parent=3001"}],"curies":[{"name":"wp","href":"https:\/\/api.w.org\/{rel}","templated":true}]}}